{"id":649,"date":"2024-02-20T16:01:15","date_gmt":"2024-02-20T16:01:15","guid":{"rendered":"http:\/\/www.irri-jet.com\/login\/travaille-avec-nous\/"},"modified":"2024-03-25T18:44:48","modified_gmt":"2024-03-25T18:44:48","slug":"travaille-avec-nous","status":"publish","type":"page","link":"http:\/\/www.irri-jet.com\/fr\/travaille-avec-nous\/","title":{"rendered":"Travaille avec nous"},"content":{"rendered":"<p>[et_pb_section fb_built=\u00a0\u00bb1&Prime; admin_label=\u00a0\u00bbHeader\u00a0\u00bb _builder_version=\u00a0\u00bb4.24.0&Prime; _module_preset=\u00a0\u00bbdefault\u00a0\u00bb background_image=\u00a0\u00bbhttp:\/\/www.irri-jet.com\/login\/wp-content\/uploads\/2024\/02\/irrigation-team.jpg\u00a0\u00bb parallax=\u00a0\u00bbon\u00a0\u00bb custom_padding=\u00a0\u00bb8vw||20vw||false|false\u00a0\u00bb border_radii=\u00a0\u00bboff|||3vw|3vw\u00a0\u00bb collapsed=\u00a0\u00bbon\u00a0\u00bb global_colors_info=\u00a0\u00bb{}\u00a0\u00bb][et_pb_row column_structure=\u00a0\u00bb3_5,2_5&Prime; _builder_version=\u00a0\u00bb4.24.0&Prime; _module_preset=\u00a0\u00bbdefault\u00a0\u00bb max_width=\u00a0\u00bb1800px\u00a0\u00bb global_colors_info=\u00a0\u00bb{}\u00a0\u00bb][et_pb_column type=\u00a0\u00bb3_5&Prime; _builder_version=\u00a0\u00bb4.22.0&Prime; _module_preset=\u00a0\u00bbdefault\u00a0\u00bb global_colors_info=\u00a0\u00bb{}\u00a0\u00bb][et_pb_text content_tablet=\u00a0\u00bb<\/p>\n<h1>Notre service \u00e0 la client\u00e8le c&apos;est qui nous distingue<\/h1>\n<\/p>\n<p>\u00a0\u00bb content_phone=\u00a0\u00bb<\/p>\n<h1>Notre service \u00e0 la client\u00e8le c&apos;est qui nous distingue<\/h1>\n<\/p>\n<p>\u00a0\u00bb content_last_edited=\u00a0\u00bbon|phone\u00a0\u00bb _builder_version=\u00a0\u00bb4.24.0&Prime; _module_preset=\u00a0\u00bb1387c3ce-e619-42b4-946b-a5a46ce4b19e\u00a0\u00bb header_font=\u00a0\u00bbArchivo Black|700||on|||||\u00a0\u00bb header_text_color=\u00a0\u00bb#FFFFFF\u00a0\u00bb header_font_size=\u00a0\u00bb65px\u00a0\u00bb max_width=\u00a0\u00bb1440px\u00a0\u00bb custom_margin=\u00a0\u00bb||10px||false|false\u00a0\u00bb header_font_size_tablet=\u00a0\u00bb65px\u00a0\u00bb header_font_size_phone=\u00a0\u00bb22px\u00a0\u00bb header_font_size_last_edited=\u00a0\u00bbon|phone\u00a0\u00bb header_text_shadow_style=\u00a0\u00bbpreset1&Prime; global_colors_info=\u00a0\u00bb{}\u00a0\u00bb]<\/p>\n<h1>Travaillez<\/h1>\n<h1>avec nous!<\/h1>\n<p>&nbsp;<\/p>\n<p>[\/et_pb_text][et_pb_button button_text=\u00a0\u00bbDemandez un sp\u00e9cialiste en irrigation aujourd\u2019hui\u00a0\u00bb _builder_version=\u00a0\u00bb4.24.0&Prime; _module_preset=\u00a0\u00bbdefault\u00a0\u00bb custom_button=\u00a0\u00bbon\u00a0\u00bb button_text_size=\u00a0\u00bb17px\u00a0\u00bb button_border_radius=\u00a0\u00bb0px\u00a0\u00bb custom_margin_tablet=\u00a0\u00bb\u00a0\u00bb custom_margin_phone=\u00a0\u00bb\u00a0\u00bb custom_margin_last_edited=\u00a0\u00bbon|phone\u00a0\u00bb custom_padding=\u00a0\u00bb10px|20px|10px|20px|true|true\u00a0\u00bb button_text_size_tablet=\u00a0\u00bb\u00a0\u00bb button_text_size_phone=\u00a0\u00bb10px\u00a0\u00bb button_text_size_last_edited=\u00a0\u00bbon|phone\u00a0\u00bb saved_tabs=\u00a0\u00bball\u00a0\u00bb global_colors_info=\u00a0\u00bb{}\u00a0\u00bb][\/et_pb_button][\/et_pb_column][et_pb_column type=\u00a0\u00bb2_5&Prime; _builder_version=\u00a0\u00bb4.22.0&Prime; _module_preset=\u00a0\u00bbdefault\u00a0\u00bb global_colors_info=\u00a0\u00bb{}\u00a0\u00bb][et_pb_slider show_arrows=\u00a0\u00bboff\u00a0\u00bb dot_nav_custom_color=\u00a0\u00bb#FFFFFF\u00a0\u00bb _builder_version=\u00a0\u00bb4.24.0&Prime; _module_preset=\u00a0\u00bbdefault\u00a0\u00bb global_colors_info=\u00a0\u00bb{}\u00a0\u00bb global_module=\u00a0\u00bb636&Prime; theme_builder_area=\u00a0\u00bbpost_content\u00a0\u00bb][et_pb_slide heading=\u00a0\u00bbOuverture printani\u00e8re pour votre syst\u00e8me d&rsquo;irrigation&#8230;\u00a0\u00bb button_text=\u00a0\u00bbAppelez-nous aujourd&rsquo;hui\u00a0\u00bb _builder_version=\u00a0\u00bb4.24.0&Prime; _module_preset=\u00a0\u00bbdefault\u00a0\u00bb header_font_size=\u00a0\u00bb38px\u00a0\u00bb background_color=\u00a0\u00bbrgba(38,178,228,0.55)\u00a0\u00bb background_enable_color=\u00a0\u00bbon\u00a0\u00bb custom_button=\u00a0\u00bbon\u00a0\u00bb button_text_size=\u00a0\u00bb18px\u00a0\u00bb header_font_size_tablet=\u00a0\u00bb\u00a0\u00bb header_font_size_phone=\u00a0\u00bb28px\u00a0\u00bb header_font_size_last_edited=\u00a0\u00bbon|phone\u00a0\u00bb global_colors_info=\u00a0\u00bb{}\u00a0\u00bb sticky_transition=\u00a0\u00bbon\u00a0\u00bb theme_builder_area=\u00a0\u00bbpost_content\u00a0\u00bb][\/et_pb_slide][et_pb_slide heading=\u00a0\u00bbPr\u00e9parez votre syst\u00e8me \u00e0 fonctionner&#8230;\u00a0\u00bb button_text=\u00a0\u00bbAppelez-nous aujourd&apos;hui!\u00a0\u00bb _builder_version=\u00a0\u00bb4.24.0&Prime; _module_preset=\u00a0\u00bbdefault\u00a0\u00bb header_font_size=\u00a0\u00bb38px\u00a0\u00bb background_color=\u00a0\u00bbrgba(38,178,228,0.55)\u00a0\u00bb background_enable_color=\u00a0\u00bbon\u00a0\u00bb custom_button=\u00a0\u00bbon\u00a0\u00bb button_text_size=\u00a0\u00bb18px\u00a0\u00bb header_font_size_tablet=\u00a0\u00bb\u00a0\u00bb header_font_size_phone=\u00a0\u00bb28px\u00a0\u00bb header_font_size_last_edited=\u00a0\u00bbon|phone\u00a0\u00bb global_colors_info=\u00a0\u00bb{}\u00a0\u00bb sticky_transition=\u00a0\u00bbon\u00a0\u00bb theme_builder_area=\u00a0\u00bbpost_content\u00a0\u00bb][\/et_pb_slide][et_pb_slide heading=\u00a0\u00bbVotre gazon est jaune ? V\u00e9rifiez votre syst\u00e8me d&rsquo;arrosage&#8230;\u00a0\u00bb button_text=\u00a0\u00bbAppelez-nous aujourd&rsquo;hui\u00a0\u00bb _builder_version=\u00a0\u00bb4.24.0&Prime; _module_preset=\u00a0\u00bbdefault\u00a0\u00bb header_font_size=\u00a0\u00bb38px\u00a0\u00bb background_color=\u00a0\u00bbrgba(38,178,228,0.55)\u00a0\u00bb background_enable_color=\u00a0\u00bbon\u00a0\u00bb custom_button=\u00a0\u00bbon\u00a0\u00bb button_text_size=\u00a0\u00bb18px\u00a0\u00bb header_font_size_tablet=\u00a0\u00bb\u00a0\u00bb header_font_size_phone=\u00a0\u00bb28px\u00a0\u00bb header_font_size_last_edited=\u00a0\u00bbon|phone\u00a0\u00bb global_colors_info=\u00a0\u00bb{}\u00a0\u00bb sticky_transition=\u00a0\u00bbon\u00a0\u00bb theme_builder_area=\u00a0\u00bbpost_content\u00a0\u00bb][\/et_pb_slide][et_pb_slide heading=\u00a0\u00bbVos plantes se portent bien ? Installer un syst\u00e8me d&rsquo;irrigation&#8230;\u00a0\u00bb button_text=\u00a0\u00bbAppelez-nous aujourd&rsquo;hui!\u00a0\u00bb _builder_version=\u00a0\u00bb4.24.0&Prime; _module_preset=\u00a0\u00bbdefault\u00a0\u00bb header_font_size=\u00a0\u00bb38px\u00a0\u00bb background_color=\u00a0\u00bbrgba(38,178,228,0.55)\u00a0\u00bb background_enable_color=\u00a0\u00bbon\u00a0\u00bb custom_button=\u00a0\u00bbon\u00a0\u00bb button_text_size=\u00a0\u00bb18px\u00a0\u00bb header_font_size_tablet=\u00a0\u00bb\u00a0\u00bb header_font_size_phone=\u00a0\u00bb28px\u00a0\u00bb header_font_size_last_edited=\u00a0\u00bbon|phone\u00a0\u00bb global_colors_info=\u00a0\u00bb{}\u00a0\u00bb sticky_transition=\u00a0\u00bbon\u00a0\u00bb theme_builder_area=\u00a0\u00bbpost_content\u00a0\u00bb][\/et_pb_slide][et_pb_slide heading=\u00a0\u00bbVotre pelouse est pleine de mauvaises herbes ? Nous allons l&rsquo;nlever et installer une toute nouvelle pelouse avec un syst\u00e8me d&rsquo;irrigation&#8230;\u00a0\u00bb button_text=\u00a0\u00bbAppelez-nous aujourd&rsquo;hui!\u00a0\u00bb _builder_version=\u00a0\u00bb4.24.0&Prime; _module_preset=\u00a0\u00bbdefault\u00a0\u00bb header_font_size=\u00a0\u00bb38px\u00a0\u00bb background_color=\u00a0\u00bbrgba(38,178,228,0.55)\u00a0\u00bb background_enable_color=\u00a0\u00bbon\u00a0\u00bb custom_button=\u00a0\u00bbon\u00a0\u00bb button_text_size=\u00a0\u00bb18px\u00a0\u00bb header_font_size_tablet=\u00a0\u00bb\u00a0\u00bb header_font_size_phone=\u00a0\u00bb28px\u00a0\u00bb header_font_size_last_edited=\u00a0\u00bbon|phone\u00a0\u00bb global_colors_info=\u00a0\u00bb{}\u00a0\u00bb sticky_transition=\u00a0\u00bbon\u00a0\u00bb theme_builder_area=\u00a0\u00bbpost_content\u00a0\u00bb][\/et_pb_slide][\/et_pb_slider][\/et_pb_column][\/et_pb_row][\/et_pb_section][et_pb_section fb_built=\u00a0\u00bb1&Prime; admin_label=\u00a0\u00bbAbout\u00a0\u00bb _builder_version=\u00a0\u00bb4.24.0&Prime; _module_preset=\u00a0\u00bbdefault\u00a0\u00bb collapsed=\u00a0\u00bbon\u00a0\u00bb global_colors_info=\u00a0\u00bb{}\u00a0\u00bb][et_pb_row column_structure=\u00a0\u00bb3_5,2_5&Prime; _builder_version=\u00a0\u00bb4.24.0&Prime; _module_preset=\u00a0\u00bbdefault\u00a0\u00bb max_width=\u00a0\u00bb1800px\u00a0\u00bb global_colors_info=\u00a0\u00bb{}\u00a0\u00bb][et_pb_column type=\u00a0\u00bb3_5&Prime; _builder_version=\u00a0\u00bb4.22.0&Prime; _module_preset=\u00a0\u00bbdefault\u00a0\u00bb global_colors_info=\u00a0\u00bb{}\u00a0\u00bb][et_pb_text _builder_version=\u00a0\u00bb4.24.0&Prime; _module_preset=\u00a0\u00bbdefault\u00a0\u00bb header_2_font=\u00a0\u00bbInter|700|||||||\u00a0\u00bb header_2_text_color=\u00a0\u00bb#0E3F5B\u00a0\u00bb header_2_font_size=\u00a0\u00bb52px\u00a0\u00bb header_2_font_size_tablet=\u00a0\u00bb52px\u00a0\u00bb header_2_font_size_phone=\u00a0\u00bb30px\u00a0\u00bb header_2_font_size_last_edited=\u00a0\u00bbon|phone\u00a0\u00bb global_colors_info=\u00a0\u00bb{}\u00a0\u00bb]<\/p>\n<h2>Pas seulement un travail &#8211;<\/h2>\n<p>[\/et_pb_text][et_pb_text _builder_version=\u00a0\u00bb4.24.0&Prime; _module_preset=\u00a0\u00bbdefault\u00a0\u00bb hover_enabled=\u00a0\u00bb0&Prime; global_colors_info=\u00a0\u00bb{}\u00a0\u00bb sticky_enabled=\u00a0\u00bb0&Prime;]<\/p>\n<p>Le service est ce qui nous diff\u00e9rencie !<br \/>Notre \u00e9quipe de techniciens de service qualifi\u00e9s et exp\u00e9riment\u00e9s est disponible pour les services programm\u00e9s et d\u2019urgence.<\/p>\n<p>[\/et_pb_text][\/et_pb_column][et_pb_column type=\u00a0\u00bb2_5&Prime; _builder_version=\u00a0\u00bb4.22.0&Prime; _module_preset=\u00a0\u00bbdefault\u00a0\u00bb global_colors_info=\u00a0\u00bb{}\u00a0\u00bb][\/et_pb_column][\/et_pb_row][\/et_pb_section][et_pb_section fb_built=\u00a0\u00bb1&Prime; admin_label=\u00a0\u00bbServices\u00a0\u00bb _builder_version=\u00a0\u00bb4.22.0&Prime; _module_preset=\u00a0\u00bbdefault\u00a0\u00bb custom_margin=\u00a0\u00bb-25px|||||\u00a0\u00bb custom_padding=\u00a0\u00bb5px||20px|||\u00a0\u00bb collapsed=\u00a0\u00bbon\u00a0\u00bb global_colors_info=\u00a0\u00bb{}\u00a0\u00bb][et_pb_row column_structure=\u00a0\u00bb2_3,1_3&Prime; _builder_version=\u00a0\u00bb4.22.0&Prime; _module_preset=\u00a0\u00bbdefault\u00a0\u00bb max_width=\u00a0\u00bb1800px\u00a0\u00bb global_colors_info=\u00a0\u00bb{}\u00a0\u00bb][et_pb_column type=\u00a0\u00bb2_3&Prime; _builder_version=\u00a0\u00bb4.22.0&Prime; _module_preset=\u00a0\u00bbdefault\u00a0\u00bb global_colors_info=\u00a0\u00bb{}\u00a0\u00bb][et_pb_text _builder_version=\u00a0\u00bb4.24.0&Prime; _module_preset=\u00a0\u00bbced46f7f-58c1-43e6-8393-6ca879cfbc97&Prime; header_2_font=\u00a0\u00bbArchivo Black|700||on|||||\u00a0\u00bb header_2_text_color=\u00a0\u00bb#26B2E4&Prime; header_2_font_size=\u00a0\u00bb29px\u00a0\u00bb hover_enabled=\u00a0\u00bb0&Prime; global_colors_info=\u00a0\u00bb{}\u00a0\u00bb sticky_enabled=\u00a0\u00bb0&Prime;]<\/p>\n<h2 class=\"p1\">Ouvertures<\/h2>\n<p>[\/et_pb_text][et_pb_text _builder_version=\u00a0\u00bb4.24.0&Prime; _module_preset=\u00a0\u00bb21d95be2-1118-4b49-bfe7-1ac3d1d3c230&Prime; global_colors_info=\u00a0\u00bb{}\u00a0\u00bb]<\/p>\n<p class=\"p1\">Travailler chez Irri-Jet est plus qu&rsquo;un simple travail ; c&rsquo;est la famille. Nous nous engageons \u00e0 construire des relations \u00e0 long terme avec nos employ\u00e9s.<br \/>La culture d&rsquo;Irri-Jet repose sur un engagement de respect, d&rsquo;int\u00e9grit\u00e9, de qualit\u00e9 et de service. Nous sommes fiers de qui nous sommes, de ce que nous faisons et de la mani\u00e8re dont nous le faisons.<br \/>Notre environnement de travail et notre culture dynamiques encouragent les employ\u00e9s \u00e0 maximiser leur potentiel et leur croissance gr\u00e2ce au travail d&rsquo;\u00e9quipe et \u00e0 l&rsquo;apprentissage.<\/p>\n<p>[\/et_pb_text][et_pb_text _builder_version=\u00a0\u00bb4.24.0&Prime; _module_preset=\u00a0\u00bbfe81a2f0-1480-4ae0-925b-04d3f7a71fe7&Prime; custom_margin=\u00a0\u00bb||0px||false|false\u00a0\u00bb hover_enabled=\u00a0\u00bb0&Prime; global_colors_info=\u00a0\u00bb{}\u00a0\u00bb sticky_enabled=\u00a0\u00bb0&Prime;]<\/p>\n<h5>Ouvertures en irrigation<\/h5>\n<p>[\/et_pb_text][et_pb_toggle title=\u00a0\u00bbTechnicien en irrigation\u00a0\u00bb open_toggle_background_color=\u00a0\u00bbRGBA(255,255,255,0)\u00a0\u00bb closed_toggle_text_color=\u00a0\u00bb#FFFFFF\u00a0\u00bb closed_toggle_background_color=\u00a0\u00bb#26B2E4&Prime; icon_color=\u00a0\u00bb#FFFFFF\u00a0\u00bb _builder_version=\u00a0\u00bb4.24.0&Prime; _module_preset=\u00a0\u00bbdefault\u00a0\u00bb title_font=\u00a0\u00bb|700|||||||\u00a0\u00bb hover_enabled=\u00a0\u00bb0&Prime; global_colors_info=\u00a0\u00bb{}\u00a0\u00bb sticky_enabled=\u00a0\u00bb0&Prime;]<\/p>\n<p><span>Irri-Jet est situ\u00e9e dans ouest de l&rsquo;ile de Montr\u00e9al, oeuvrant dans le domaine de l&rsquo;irrigation et pav\u00e9-uni. Nous recherchons un employ\u00e9 avec exp\u00e9rience en irrigation, tr\u00e8s fiable, ponctuel, capable de travailler en \u00e9quipe et apte a travailler physiquement. <\/span><\/p>\n<p><span>Nous recherchons un technicien qui est capable d&rsquo;effectuer les tests, programmation, ouverture et fermeture des systemes et les reparations. <\/span><\/p>\n<p><span>Permis de conduire valide est necessaire.<\/span><br \/><span>Lundi au Vendredi et Samedi si necessaire. <\/span><\/p>\n<p><span>Bien r\u00e9num\u00e9r\u00e9 selon experience<\/span><a href=\"mailto:info@irri-jet.com?Subject=Irrigation Technician Application\"><\/a><\/p>\n<p><span>Contact: 514-236-8569<\/span><\/p>\n<p>[\/et_pb_toggle][et_pb_text _builder_version=\u00a0\u00bb4.24.0&Prime; _module_preset=\u00a0\u00bbfe81a2f0-1480-4ae0-925b-04d3f7a71fe7&Prime; custom_margin=\u00a0\u00bb||0px||false|false\u00a0\u00bb hover_enabled=\u00a0\u00bb0&Prime; global_colors_info=\u00a0\u00bb{}\u00a0\u00bb sticky_enabled=\u00a0\u00bb0&Prime;]<\/p>\n<h5>Ouvertures en pav\u00e9-uni<\/h5>\n<p>[\/et_pb_text][et_pb_toggle title=\u00a0\u00bbTechnicien en pav\u00e9-uni\u00a0\u00bb open_toggle_background_color=\u00a0\u00bbRGBA(255,255,255,0)\u00a0\u00bb closed_toggle_text_color=\u00a0\u00bb#FFFFFF\u00a0\u00bb closed_toggle_background_color=\u00a0\u00bb#26B2E4&Prime; icon_color=\u00a0\u00bb#FFFFFF\u00a0\u00bb _builder_version=\u00a0\u00bb4.24.0&Prime; _module_preset=\u00a0\u00bbdefault\u00a0\u00bb title_font=\u00a0\u00bb|700|||||||\u00a0\u00bb hover_enabled=\u00a0\u00bb0&Prime; global_colors_info=\u00a0\u00bb{}\u00a0\u00bb sticky_enabled=\u00a0\u00bb0&Prime;]<\/p>\n<p><span>Irri-Jet Inc. situ\u00e9e dans l&rsquo;ouest de l&rsquo;ile de Montreal, oeuvrant dans le domaine de pav\u00e9 uni et irrigation. Nous recherchons un employ\u00e9 avec experience en pav\u00e9 uni, tr\u00e8s fiable, ponctuel, capable de travailler en \u00e9quipe et apte a travailler physiquement. <\/span><\/p>\n<p><span>Nous recherchons un installeur capable de faire des entr\u00e9es, murets, mur de soutiens, sentiers pi\u00e9tonniers et patios. Permis de conduire requis. Lundi au Vendredi et Samedi si necessaire. <\/span><\/p>\n<p><span>Salaire: Bien r\u00e9numer\u00e9, selon l&rsquo;experience. <\/span><\/p>\n<p><span>Contact: 514-236-8569<\/span><strong><\/strong><\/p>\n<p>[\/et_pb_toggle][\/et_pb_column][et_pb_column type=\u00a0\u00bb1_3&Prime; _builder_version=\u00a0\u00bb4.22.0&Prime; _module_preset=\u00a0\u00bbdefault\u00a0\u00bb global_colors_info=\u00a0\u00bb{}\u00a0\u00bb][et_pb_image src=\u00a0\u00bbhttp:\/\/www.irri-jet.com\/login\/wp-content\/uploads\/2024\/02\/irrigation-work.jpeg\u00a0\u00bb title_text=\u00a0\u00bbirrigation-work\u00a0\u00bb _builder_version=\u00a0\u00bb4.24.0&Prime; _module_preset=\u00a0\u00bbdefault\u00a0\u00bb global_colors_info=\u00a0\u00bb{}\u00a0\u00bb][\/et_pb_image][\/et_pb_column][\/et_pb_row][et_pb_row column_structure=\u00a0\u00bb1_5,1_5,1_5,1_5,1_5&Prime; make_equal=\u00a0\u00bbon\u00a0\u00bb _builder_version=\u00a0\u00bb4.24.0&Prime; _module_preset=\u00a0\u00bbdefault\u00a0\u00bb module_alignment=\u00a0\u00bbcenter\u00a0\u00bb custom_margin=\u00a0\u00bb70px||||false|false\u00a0\u00bb global_colors_info=\u00a0\u00bb{}\u00a0\u00bb][et_pb_column type=\u00a0\u00bb1_5&Prime; _builder_version=\u00a0\u00bb4.24.0&Prime; _module_preset=\u00a0\u00bbdefault\u00a0\u00bb custom_css_main_element=\u00a0\u00bbalign-self: center;\u00a0\u00bb global_colors_info=\u00a0\u00bb{}\u00a0\u00bb][et_pb_image src=\u00a0\u00bbhttp:\/\/www.irri-jet.com\/login\/wp-content\/uploads\/2024\/03\/Toro_Logo.png\u00a0\u00bb title_text=\u00a0\u00bbToro_Logo\u00a0\u00bb url=\u00a0\u00bbhttps:\/\/www.toro.com\/en-ca\u00a0\u00bb url_new_window=\u00a0\u00bbon\u00a0\u00bb _builder_version=\u00a0\u00bb4.24.0&Prime; _module_preset=\u00a0\u00bbdefault\u00a0\u00bb width=\u00a0\u00bb78%\u00a0\u00bb global_colors_info=\u00a0\u00bb{}\u00a0\u00bb][\/et_pb_image][\/et_pb_column][et_pb_column type=\u00a0\u00bb1_5&Prime; _builder_version=\u00a0\u00bb4.24.0&Prime; _module_preset=\u00a0\u00bbdefault\u00a0\u00bb custom_css_main_element=\u00a0\u00bbalign-self: center;\u00a0\u00bb global_colors_info=\u00a0\u00bb{}\u00a0\u00bb][et_pb_image src=\u00a0\u00bbhttp:\/\/www.irri-jet.com\/login\/wp-content\/uploads\/2024\/03\/hunter.png\u00a0\u00bb title_text=\u00a0\u00bbhunter\u00a0\u00bb url=\u00a0\u00bbhttps:\/\/www.hunterindustries.com\/en-metric\u00a0\u00bb url_new_window=\u00a0\u00bbon\u00a0\u00bb _builder_version=\u00a0\u00bb4.24.0&Prime; _module_preset=\u00a0\u00bbdefault\u00a0\u00bb global_colors_info=\u00a0\u00bb{}\u00a0\u00bb][\/et_pb_image][\/et_pb_column][et_pb_column type=\u00a0\u00bb1_5&Prime; _builder_version=\u00a0\u00bb4.24.0&Prime; _module_preset=\u00a0\u00bbdefault\u00a0\u00bb custom_css_main_element=\u00a0\u00bbalign-self: center;\u00a0\u00bb global_colors_info=\u00a0\u00bb{}\u00a0\u00bb][et_pb_image src=\u00a0\u00bbhttp:\/\/www.irri-jet.com\/login\/wp-content\/uploads\/2024\/03\/irritrol.png\u00a0\u00bb title_text=\u00a0\u00bbirritrol\u00a0\u00bb url=\u00a0\u00bbhttps:\/\/www.irritrol.com\u00a0\u00bb url_new_window=\u00a0\u00bbon\u00a0\u00bb _builder_version=\u00a0\u00bb4.24.0&Prime; _module_preset=\u00a0\u00bbdefault\u00a0\u00bb global_colors_info=\u00a0\u00bb{}\u00a0\u00bb][\/et_pb_image][\/et_pb_column][et_pb_column type=\u00a0\u00bb1_5&Prime; _builder_version=\u00a0\u00bb4.24.0&Prime; _module_preset=\u00a0\u00bbdefault\u00a0\u00bb custom_css_main_element=\u00a0\u00bbalign-self: center;\u00a0\u00bb global_colors_info=\u00a0\u00bb{}\u00a0\u00bb][et_pb_image src=\u00a0\u00bbhttp:\/\/www.irri-jet.com\/login\/wp-content\/uploads\/2024\/03\/rainbird.png\u00a0\u00bb title_text=\u00a0\u00bbrainbird\u00a0\u00bb url=\u00a0\u00bbhttps:\/\/www.rainbird.com\u00a0\u00bb url_new_window=\u00a0\u00bbon\u00a0\u00bb _builder_version=\u00a0\u00bb4.24.0&Prime; _module_preset=\u00a0\u00bbdefault\u00a0\u00bb global_colors_info=\u00a0\u00bb{}\u00a0\u00bb][\/et_pb_image][\/et_pb_column][et_pb_column type=\u00a0\u00bb1_5&Prime; _builder_version=\u00a0\u00bb4.24.0&Prime; _module_preset=\u00a0\u00bbdefault\u00a0\u00bb custom_css_main_element=\u00a0\u00bbalign-self: center;\u00a0\u00bb global_colors_info=\u00a0\u00bb{}\u00a0\u00bb][et_pb_image src=\u00a0\u00bbhttp:\/\/www.irri-jet.com\/login\/wp-content\/uploads\/2024\/03\/KRain.png\u00a0\u00bb title_text=\u00a0\u00bbKRain\u00a0\u00bb url=\u00a0\u00bbhttps:\/\/www.krain.com\u00a0\u00bb url_new_window=\u00a0\u00bbon\u00a0\u00bb _builder_version=\u00a0\u00bb4.24.0&Prime; _module_preset=\u00a0\u00bbdefault\u00a0\u00bb global_colors_info=\u00a0\u00bb{}\u00a0\u00bb][\/et_pb_image][\/et_pb_column][\/et_pb_row][\/et_pb_section]<\/p>\n","protected":false},"excerpt":{"rendered":"<p>Travaillez avec nous! &nbsp;Pas seulement un travail -Le service est ce qui nous diff\u00e9rencie !Notre \u00e9quipe de techniciens de service qualifi\u00e9s et exp\u00e9riment\u00e9s est disponible pour les services programm\u00e9s et d\u2019urgence.OuverturesTravailler chez Irri-Jet est plus qu&rsquo;un simple travail ; c&rsquo;est la famille. Nous nous engageons \u00e0 construire des relations \u00e0 long terme avec nos employ\u00e9s.La [&hellip;]<\/p>\n","protected":false},"author":1,"featured_media":0,"parent":0,"menu_order":0,"comment_status":"closed","ping_status":"closed","template":"","meta":{"_et_pb_use_builder":"on","_et_pb_old_content":"","_et_gb_content_width":"","footnotes":""},"_links":{"self":[{"href":"http:\/\/www.irri-jet.com\/fr\/wp-json\/wp\/v2\/pages\/649"}],"collection":[{"href":"http:\/\/www.irri-jet.com\/fr\/wp-json\/wp\/v2\/pages"}],"about":[{"href":"http:\/\/www.irri-jet.com\/fr\/wp-json\/wp\/v2\/types\/page"}],"author":[{"embeddable":true,"href":"http:\/\/www.irri-jet.com\/fr\/wp-json\/wp\/v2\/users\/1"}],"replies":[{"embeddable":true,"href":"http:\/\/www.irri-jet.com\/fr\/wp-json\/wp\/v2\/comments?post=649"}],"version-history":[{"count":3,"href":"http:\/\/www.irri-jet.com\/fr\/wp-json\/wp\/v2\/pages\/649\/revisions"}],"predecessor-version":[{"id":653,"href":"http:\/\/www.irri-jet.com\/fr\/wp-json\/wp\/v2\/pages\/649\/revisions\/653"}],"wp:attachment":[{"href":"http:\/\/www.irri-jet.com\/fr\/wp-json\/wp\/v2\/media?parent=649"}],"curies":[{"name":"wp","href":"https:\/\/api.w.org\/{rel}","templated":true}]}}